{"id":35244,"date":"2020-04-07T13:59:00","date_gmt":"2020-04-07T11:59:00","guid":{"rendered":"https:\/\/motorcycles-protect.com\/actualites\/"},"modified":"2020-04-07T13:59:00","modified_gmt":"2020-04-07T11:59:00","slug":"actualites","status":"publish","type":"page","link":"https:\/\/motorcycles-protect.com\/fr\/actualites\/","title":{"rendered":"Actualit\u00e9s"},"content":{"rendered":"\t\t<div data-elementor-type=\"wp-page\" data-elementor-id=\"35244\" class=\"elementor elementor-35244 elementor-11\" data-elementor-post-type=\"page\">\n\t\t\t\t\t\t<section class=\"elementor-section elementor-top-section elementor-element elementor-element-64f606a elementor-section-height-min-height elementor-section-items-stretch elementor-section-content-middle elementor-section-boxed elementor-section-height-default\" data-id=\"64f606a\" data-element_type=\"section\">\n\t\t\t\t\t\t<div class=\"elementor-container elementor-column-gap-wider\">\n\t\t\t\t\t<div class=\"elementor-column elementor-col-100 elementor-top-column elementor-element elementor-element-dd9b4aa\" data-id=\"dd9b4aa\" data-element_type=\"column\">\n\t\t\t<div class=\"elementor-widget-wrap elementor-element-populated\">\n\t\t\t\t\t\t<div class=\"elementor-element elementor-element-2eb1092 img-align-mobile-top image-vertical-align-center image-vertical-align-tablet-start img-align-top icon-box-vertical-align-top preserve-img-ratio-cover slide-h-position-left elementor-widget elementor-widget-the7-elements-simple-posts\" data-id=\"2eb1092\" data-element_type=\"widget\" data-widget_type=\"the7-elements-simple-posts.default\">\n\t\t\t\t<div class=\"elementor-widget-container\">\n\t\t\t\t\t<div class=\"the7-simple-widget-posts the7-elementor-widget the7-elements-simple-posts-2eb1092\" data-post-limit=\"-1\" data-pagination-mode=\"standard\" data-scroll-offset=\"\">\t\t\t<div class=\"dt-css-grid custom-pagination-handler\" data-columns=\"{&quot;d&quot;:2,&quot;t&quot;:2,&quot;p&quot;:1,&quot;wd&quot;:&quot;&quot;}\">\n\t\t\t\t\t\t\t\t\t<div class=\"wf-cell visible \">\n\t\t\t\t\t\t<article class=\"post visible wrapper post-35342 type-post status-publish format-standard has-post-thumbnail hentry category-non-classifiee category-311 description-off\">\n\n\t\t\t\t\t\t\t<div class=\"post-content-wrapper\">\n\t\t\t\t\t\t\t\t\t\t\t\t\t\t\t\t\t<div class=\"the7-simple-post-thumb\">\n\t\t\t\t\t\t\t\t\t\t<a class=\"post-thumbnail-rollover layzr-bg img-css-resize-wrapper\" aria-label=\"Image article\" href=\"https:\/\/motorcycles-protect.com\/fr\/comment-proteger-la-peinture-des-motos-les-7-meilleurs-conseils\/\"><img fetchpriority=\"high\" decoding=\"async\" width=\"1792\" height=\"1024\" src=\"data:image\/svg+xml,%3Csvg%20xmlns%3D&#039;http%3A%2F%2Fwww.w3.org%2F2000%2Fsvg&#039;%20viewBox%3D&#039;0%200%201792%201024&#039;%2F%3E\" class=\"attachment-full size-full preload-me aspect lazy lazy-load\" alt=\"\" sizes=\"(max-width: 1792px) 100vw, 1792px\" style=\"--ratio: 1792 \/ 1024;\" data-src=\"https:\/\/motorcycles-protect.com\/wp-content\/uploads\/2023\/12\/motorcycle-multicolor.webp\" loading=\"eager\" data-srcset=\"https:\/\/motorcycles-protect.com\/wp-content\/uploads\/2023\/12\/motorcycle-multicolor.webp 1792w, https:\/\/motorcycles-protect.com\/wp-content\/uploads\/2023\/12\/motorcycle-multicolor-300x171.webp 300w, https:\/\/motorcycles-protect.com\/wp-content\/uploads\/2023\/12\/motorcycle-multicolor-1024x585.webp 1024w, https:\/\/motorcycles-protect.com\/wp-content\/uploads\/2023\/12\/motorcycle-multicolor-768x439.webp 768w, https:\/\/motorcycles-protect.com\/wp-content\/uploads\/2023\/12\/motorcycle-multicolor-1536x878.webp 1536w, https:\/\/motorcycles-protect.com\/wp-content\/uploads\/2023\/12\/motorcycle-multicolor-1000x571.webp 1000w\" \/><span class=\"the7-hover-icon\"><\/span><\/a>\t\t\t\t\t\t\t\t\t<\/div>\n\t\t\t\t\t\t\t\t\t\t\t\t\t\t\t\t<div class=\"post-entry-content\">\n\t\t\t\t\t\t\t\t\t<h5 class=\"heading\"><a href=\"https:\/\/motorcycles-protect.com\/fr\/comment-proteger-la-peinture-des-motos-les-7-meilleurs-conseils\/\" rel=\"bookmark\" title=\"Comment prot\u00e9ger la peinture des motos : Les 7 meilleurs conseils\" class=\"post-title\">Comment prot\u00e9ger la peinture des motos : Les 7 meilleurs conseils<\/a><\/h5><div class=\"entry-meta\"><span class=\"meta-item data-link\"><time class=\"entry-date updated\" datetime=\"2023-12-13T13:16:32+01:00\">d\u00e9cembre 13, 2023<\/time><\/span><\/div><p class=\"short-description\">La peinture de votre moto n&rsquo;ajoute pas seulement \u00e0 son attrait esth\u00e9tique, mais sert \u00e9galement de couche protectrice. La pr\u00e9servation de cette peinture est essentielle pour conserver la valeur et l&rsquo;aspect de votre v\u00e9lo. Voici les 10 meilleurs conseils pour conserver la peinture de votre moto en parfait \u00e9tat. &nbsp; 1- Choisir les bons produits&hellip;<\/p><a href=\"https:\/\/motorcycles-protect.com\/fr\/comment-proteger-la-peinture-des-motos-les-7-meilleurs-conseils\/\" target=\"\" aria-label=\"En savoir plus sur Comment prot\u00e9ger la peinture des motos : Les 7 meilleurs conseils\" class=\"box-button elementor-button elementor-size-md\">Read article<\/a>\t\t\t\t\t\t\t\t<\/div>\n\t\t\t\t\t\t\t<\/div>\n\t\t\t\t\t\t<\/article>\n\t\t\t\t\t<\/div>\t\t\t\t\t\t\t\t\t\t<div class=\"wf-cell visible \">\n\t\t\t\t\t\t<article class=\"post visible wrapper post-35339 type-post status-publish format-standard has-post-thumbnail hentry category-non-classifiee category-311 description-off\">\n\n\t\t\t\t\t\t\t<div class=\"post-content-wrapper\">\n\t\t\t\t\t\t\t\t\t\t\t\t\t\t\t\t\t<div class=\"the7-simple-post-thumb\">\n\t\t\t\t\t\t\t\t\t\t<a class=\"post-thumbnail-rollover layzr-bg img-css-resize-wrapper\" aria-label=\"Image article\" href=\"https:\/\/motorcycles-protect.com\/fr\/comment-proteger-les-chromes-dune-moto-tout-ce-que-vous-devez-savoir\/\"><img decoding=\"async\" width=\"1792\" height=\"1024\" src=\"data:image\/svg+xml,%3Csvg%20xmlns%3D&#039;http%3A%2F%2Fwww.w3.org%2F2000%2Fsvg&#039;%20viewBox%3D&#039;0%200%201792%201024&#039;%2F%3E\" class=\"attachment-full size-full preload-me aspect lazy lazy-load\" alt=\"\" sizes=\"(max-width: 1792px) 100vw, 1792px\" style=\"--ratio: 1792 \/ 1024;\" data-src=\"https:\/\/motorcycles-protect.com\/wp-content\/uploads\/2023\/12\/Motorcycle-chrome-on-the-road.webp\" loading=\"eager\" data-srcset=\"https:\/\/motorcycles-protect.com\/wp-content\/uploads\/2023\/12\/Motorcycle-chrome-on-the-road.webp 1792w, https:\/\/motorcycles-protect.com\/wp-content\/uploads\/2023\/12\/Motorcycle-chrome-on-the-road-300x171.webp 300w, https:\/\/motorcycles-protect.com\/wp-content\/uploads\/2023\/12\/Motorcycle-chrome-on-the-road-1024x585.webp 1024w, https:\/\/motorcycles-protect.com\/wp-content\/uploads\/2023\/12\/Motorcycle-chrome-on-the-road-768x439.webp 768w, https:\/\/motorcycles-protect.com\/wp-content\/uploads\/2023\/12\/Motorcycle-chrome-on-the-road-1536x878.webp 1536w, https:\/\/motorcycles-protect.com\/wp-content\/uploads\/2023\/12\/Motorcycle-chrome-on-the-road-1000x571.webp 1000w\" \/><span class=\"the7-hover-icon\"><\/span><\/a>\t\t\t\t\t\t\t\t\t<\/div>\n\t\t\t\t\t\t\t\t\t\t\t\t\t\t\t\t<div class=\"post-entry-content\">\n\t\t\t\t\t\t\t\t\t<h5 class=\"heading\"><a href=\"https:\/\/motorcycles-protect.com\/fr\/comment-proteger-les-chromes-dune-moto-tout-ce-que-vous-devez-savoir\/\" rel=\"bookmark\" title=\"Comment prot\u00e9ger les chromes d&rsquo;une moto &#8211; Tout ce que vous devez savoir\" class=\"post-title\">Comment prot\u00e9ger les chromes d&rsquo;une moto &#8211; Tout ce que vous devez savoir<\/a><\/h5><div class=\"entry-meta\"><span class=\"meta-item data-link\"><time class=\"entry-date updated\" datetime=\"2023-12-13T12:44:06+01:00\">d\u00e9cembre 13, 2023<\/time><\/span><\/div><p class=\"short-description\">Les \u00e9l\u00e9ments chrom\u00e9s sur les motos sont plus que de simples am\u00e9liorations esth\u00e9tiques ; ils symbolisent la fiert\u00e9 et la joie des passionn\u00e9s de moto. Cependant, pour conserver l&rsquo;aspect brillant du chrome sur les motos, il faut plus qu&rsquo;un simple nettoyage occasionnel. Il s&rsquo;agit de prot\u00e9ger ces surfaces des \u00e9l\u00e9ments, de pr\u00e9venir la rouille et&hellip;<\/p><a href=\"https:\/\/motorcycles-protect.com\/fr\/comment-proteger-les-chromes-dune-moto-tout-ce-que-vous-devez-savoir\/\" target=\"\" aria-label=\"En savoir plus sur Comment prot\u00e9ger les chromes d&rsquo;une moto &#8211; Tout ce que vous devez savoir\" class=\"box-button elementor-button elementor-size-md\">Read article<\/a>\t\t\t\t\t\t\t\t<\/div>\n\t\t\t\t\t\t\t<\/div>\n\t\t\t\t\t\t<\/article>\n\t\t\t\t\t<\/div>\t\t\t\t\t\t\t\t\t\t<div class=\"wf-cell visible \">\n\t\t\t\t\t\t<article class=\"post visible wrapper no-img post-35336 type-post status-publish format-standard hentry category-non-classifiee category-311 description-off\">\n\n\t\t\t\t\t\t\t<div class=\"post-content-wrapper\">\n\t\t\t\t\t\t\t\t\t\t\t\t\t\t\t\t<div class=\"post-entry-content\">\n\t\t\t\t\t\t\t\t\t<h5 class=\"heading\"><a href=\"https:\/\/motorcycles-protect.com\/fr\/comment-nettoyer-la-carrosserie-dune-moto-etapes-et-conseils\/\" rel=\"bookmark\" title=\"Comment nettoyer la carrosserie d&rsquo;une moto &#8211; \u00c9tapes et conseils\" class=\"post-title\">Comment nettoyer la carrosserie d&rsquo;une moto &#8211; \u00c9tapes et conseils<\/a><\/h5><div class=\"entry-meta\"><span class=\"meta-item data-link\"><time class=\"entry-date updated\" datetime=\"2023-12-13T12:28:23+01:00\">d\u00e9cembre 13, 2023<\/time><\/span><\/div><p class=\"short-description\">Le nettoyage de la carrosserie d&rsquo;une moto ne vise pas seulement \u00e0 pr\u00e9server son aspect esth\u00e9tique, mais aussi son \u00e9tat et ses performances. Un nettoyage r\u00e9gulier permet de prot\u00e9ger la peinture et les pi\u00e8ces contre les effets n\u00e9fastes des \u00e9l\u00e9ments et des d\u00e9bris de la route. Dans ce guide, nous allons explorer les meilleures pratiques&hellip;<\/p><a href=\"https:\/\/motorcycles-protect.com\/fr\/comment-nettoyer-la-carrosserie-dune-moto-etapes-et-conseils\/\" target=\"\" aria-label=\"En savoir plus sur Comment nettoyer la carrosserie d&rsquo;une moto &#8211; \u00c9tapes et conseils\" class=\"box-button elementor-button elementor-size-md\">Read article<\/a>\t\t\t\t\t\t\t\t<\/div>\n\t\t\t\t\t\t\t<\/div>\n\t\t\t\t\t\t<\/article>\n\t\t\t\t\t<\/div>\t\t\t\t\t\t\t\t\t\t<div class=\"wf-cell visible \">\n\t\t\t\t\t\t<article class=\"post visible wrapper no-img post-35333 type-post status-publish format-standard hentry category-non-classifiee category-311 description-off\">\n\n\t\t\t\t\t\t\t<div class=\"post-content-wrapper\">\n\t\t\t\t\t\t\t\t\t\t\t\t\t\t\t\t<div class=\"post-entry-content\">\n\t\t\t\t\t\t\t\t\t<h5 class=\"heading\"><a href=\"https:\/\/motorcycles-protect.com\/fr\/pourquoi-utiliser-un-ppf-film-de-protection-de-la-peinture-sur-votre-moto\/\" rel=\"bookmark\" title=\"Pourquoi utiliser un PPF (film de protection de la peinture) sur votre moto ?\" class=\"post-title\">Pourquoi utiliser un PPF (film de protection de la peinture) sur votre moto ?<\/a><\/h5><div class=\"entry-meta\"><span class=\"meta-item data-link\"><time class=\"entry-date updated\" datetime=\"2023-12-11T11:32:41+01:00\">d\u00e9cembre 11, 2023<\/time><\/span><\/div><p class=\"short-description\">Introduction au PPF (Paint Protection Film) Comprendre ce qu&rsquo;est le PPF( Paint Protection Film) est essentiel pour tous ceux qui poss\u00e8dent une moto. Le PPF est un film protecteur con\u00e7u pour prot\u00e9ger la peinture de votre moto des dommages caus\u00e9s par la poussi\u00e8re, les d\u00e9bris, les rayures mineures, etc. L&rsquo;utilisation du PPF pour les v\u00e9los&hellip;<\/p><a href=\"https:\/\/motorcycles-protect.com\/fr\/pourquoi-utiliser-un-ppf-film-de-protection-de-la-peinture-sur-votre-moto\/\" target=\"\" aria-label=\"En savoir plus sur Pourquoi utiliser un PPF (film de protection de la peinture) sur votre moto ?\" class=\"box-button elementor-button elementor-size-md\">Read article<\/a>\t\t\t\t\t\t\t\t<\/div>\n\t\t\t\t\t\t\t<\/div>\n\t\t\t\t\t\t<\/article>\n\t\t\t\t\t<\/div>\t\t\t\t\t\t\t\t<\/div>\n\t\t<\/div>\t\t\t\t<\/div>\n\t\t\t\t<\/div>\n\t\t\t\t\t<\/div>\n\t\t<\/div>\n\t\t\t\t\t<\/div>\n\t\t<\/section>\n\t\t\t\t<\/div>\n\t\t","protected":false},"excerpt":{"rendered":"","protected":false},"author":2,"featured_media":0,"parent":0,"menu_order":10,"comment_status":"closed","ping_status":"closed","template":"","meta":{"_acf_changed":false,"footnotes":""},"class_list":["post-35244","page","type-page","status-publish","hentry","category-311","description-off"],"acf":[],"yoast_head":"<!-- This site is optimized with the Yoast SEO plugin v25.3.1 - https:\/\/yoast.com\/wordpress\/plugins\/seo\/ -->\n<title>Actualit\u00e9s | Motorcycles Protect - Premium PPF Kits<\/title>\n<meta name=\"robots\" content=\"index, follow, max-snippet:-1, max-image-preview:large, max-video-preview:-1\" \/>\n<link rel=\"canonical\" href=\"https:\/\/motorcycles-protect.com\/fr\/actualites\/\" \/>\n<meta property=\"og:locale\" content=\"fr_FR\" \/>\n<meta property=\"og:type\" content=\"article\" \/>\n<meta property=\"og:title\" content=\"Actualit\u00e9s | Motorcycles Protect - Premium PPF Kits\" \/>\n<meta property=\"og:url\" content=\"https:\/\/motorcycles-protect.com\/fr\/actualites\/\" \/>\n<meta property=\"og:site_name\" content=\"Motorcycles Protect - Premium PPF Kits\" \/>\n<meta name=\"twitter:card\" content=\"summary_large_image\" \/>\n<script type=\"application\/ld+json\" class=\"yoast-schema-graph\">{\"@context\":\"https:\/\/schema.org\",\"@graph\":[{\"@type\":\"WebPage\",\"@id\":\"https:\/\/motorcycles-protect.com\/fr\/actualites\/\",\"url\":\"https:\/\/motorcycles-protect.com\/fr\/actualites\/\",\"name\":\"Actualit\u00e9s | Motorcycles Protect - Premium PPF Kits\",\"isPartOf\":{\"@id\":\"https:\/\/motorcycles-protect.com\/fr\/#website\"},\"datePublished\":\"2020-04-07T11:59:00+00:00\",\"breadcrumb\":{\"@id\":\"https:\/\/motorcycles-protect.com\/fr\/actualites\/#breadcrumb\"},\"inLanguage\":\"fr-FR\",\"potentialAction\":[{\"@type\":\"ReadAction\",\"target\":[\"https:\/\/motorcycles-protect.com\/fr\/actualites\/\"]}]},{\"@type\":\"BreadcrumbList\",\"@id\":\"https:\/\/motorcycles-protect.com\/fr\/actualites\/#breadcrumb\",\"itemListElement\":[{\"@type\":\"ListItem\",\"position\":1,\"name\":\"Accueil\",\"item\":\"https:\/\/motorcycles-protect.com\/fr\/motorcycles-protect-premium-paint-protection-film-ppf\/\"},{\"@type\":\"ListItem\",\"position\":2,\"name\":\"Actualit\u00e9s\"}]},{\"@type\":\"WebSite\",\"@id\":\"https:\/\/motorcycles-protect.com\/fr\/#website\",\"url\":\"https:\/\/motorcycles-protect.com\/fr\/\",\"name\":\"Motorcycles Protect - Premium PPF Kits\",\"description\":\"Your Motorcycle PPF protection\",\"publisher\":{\"@id\":\"https:\/\/motorcycles-protect.com\/fr\/#organization\"},\"potentialAction\":[{\"@type\":\"SearchAction\",\"target\":{\"@type\":\"EntryPoint\",\"urlTemplate\":\"https:\/\/motorcycles-protect.com\/fr\/?s={search_term_string}\"},\"query-input\":{\"@type\":\"PropertyValueSpecification\",\"valueRequired\":true,\"valueName\":\"search_term_string\"}}],\"inLanguage\":\"fr-FR\"},{\"@type\":\"Organization\",\"@id\":\"https:\/\/motorcycles-protect.com\/fr\/#organization\",\"name\":\"Motorcycles Protect - Premium PPF Kits\",\"url\":\"https:\/\/motorcycles-protect.com\/fr\/\",\"logo\":{\"@type\":\"ImageObject\",\"inLanguage\":\"fr-FR\",\"@id\":\"https:\/\/motorcycles-protect.com\/fr\/#\/schema\/logo\/image\/\",\"url\":\"https:\/\/motorcycles-protect.com\/wp-content\/uploads\/2022\/02\/Capture_Logo_Motorcycles_Protect-removebg-preview.png\",\"contentUrl\":\"https:\/\/motorcycles-protect.com\/wp-content\/uploads\/2022\/02\/Capture_Logo_Motorcycles_Protect-removebg-preview.png\",\"width\":467,\"height\":111,\"caption\":\"Motorcycles Protect - Premium PPF Kits\"},\"image\":{\"@id\":\"https:\/\/motorcycles-protect.com\/fr\/#\/schema\/logo\/image\/\"}}]}<\/script>\n<!-- \/ Yoast SEO plugin. -->","yoast_head_json":{"title":"Actualit\u00e9s | Motorcycles Protect - Premium PPF Kits","robots":{"index":"index","follow":"follow","max-snippet":"max-snippet:-1","max-image-preview":"max-image-preview:large","max-video-preview":"max-video-preview:-1"},"canonical":"https:\/\/motorcycles-protect.com\/fr\/actualites\/","og_locale":"fr_FR","og_type":"article","og_title":"Actualit\u00e9s | Motorcycles Protect - Premium PPF Kits","og_url":"https:\/\/motorcycles-protect.com\/fr\/actualites\/","og_site_name":"Motorcycles Protect - Premium PPF Kits","twitter_card":"summary_large_image","schema":{"@context":"https:\/\/schema.org","@graph":[{"@type":"WebPage","@id":"https:\/\/motorcycles-protect.com\/fr\/actualites\/","url":"https:\/\/motorcycles-protect.com\/fr\/actualites\/","name":"Actualit\u00e9s | Motorcycles Protect - Premium PPF Kits","isPartOf":{"@id":"https:\/\/motorcycles-protect.com\/fr\/#website"},"datePublished":"2020-04-07T11:59:00+00:00","breadcrumb":{"@id":"https:\/\/motorcycles-protect.com\/fr\/actualites\/#breadcrumb"},"inLanguage":"fr-FR","potentialAction":[{"@type":"ReadAction","target":["https:\/\/motorcycles-protect.com\/fr\/actualites\/"]}]},{"@type":"BreadcrumbList","@id":"https:\/\/motorcycles-protect.com\/fr\/actualites\/#breadcrumb","itemListElement":[{"@type":"ListItem","position":1,"name":"Accueil","item":"https:\/\/motorcycles-protect.com\/fr\/motorcycles-protect-premium-paint-protection-film-ppf\/"},{"@type":"ListItem","position":2,"name":"Actualit\u00e9s"}]},{"@type":"WebSite","@id":"https:\/\/motorcycles-protect.com\/fr\/#website","url":"https:\/\/motorcycles-protect.com\/fr\/","name":"Motorcycles Protect - Premium PPF Kits","description":"Your Motorcycle PPF protection","publisher":{"@id":"https:\/\/motorcycles-protect.com\/fr\/#organization"},"potentialAction":[{"@type":"SearchAction","target":{"@type":"EntryPoint","urlTemplate":"https:\/\/motorcycles-protect.com\/fr\/?s={search_term_string}"},"query-input":{"@type":"PropertyValueSpecification","valueRequired":true,"valueName":"search_term_string"}}],"inLanguage":"fr-FR"},{"@type":"Organization","@id":"https:\/\/motorcycles-protect.com\/fr\/#organization","name":"Motorcycles Protect - Premium PPF Kits","url":"https:\/\/motorcycles-protect.com\/fr\/","logo":{"@type":"ImageObject","inLanguage":"fr-FR","@id":"https:\/\/motorcycles-protect.com\/fr\/#\/schema\/logo\/image\/","url":"https:\/\/motorcycles-protect.com\/wp-content\/uploads\/2022\/02\/Capture_Logo_Motorcycles_Protect-removebg-preview.png","contentUrl":"https:\/\/motorcycles-protect.com\/wp-content\/uploads\/2022\/02\/Capture_Logo_Motorcycles_Protect-removebg-preview.png","width":467,"height":111,"caption":"Motorcycles Protect - Premium PPF Kits"},"image":{"@id":"https:\/\/motorcycles-protect.com\/fr\/#\/schema\/logo\/image\/"}}]}},"_links":{"self":[{"href":"https:\/\/motorcycles-protect.com\/fr\/wp-json\/wp\/v2\/pages\/35244","targetHints":{"allow":["GET"]}}],"collection":[{"href":"https:\/\/motorcycles-protect.com\/fr\/wp-json\/wp\/v2\/pages"}],"about":[{"href":"https:\/\/motorcycles-protect.com\/fr\/wp-json\/wp\/v2\/types\/page"}],"author":[{"embeddable":true,"href":"https:\/\/motorcycles-protect.com\/fr\/wp-json\/wp\/v2\/users\/2"}],"replies":[{"embeddable":true,"href":"https:\/\/motorcycles-protect.com\/fr\/wp-json\/wp\/v2\/comments?post=35244"}],"version-history":[{"count":0,"href":"https:\/\/motorcycles-protect.com\/fr\/wp-json\/wp\/v2\/pages\/35244\/revisions"}],"wp:attachment":[{"href":"https:\/\/motorcycles-protect.com\/fr\/wp-json\/wp\/v2\/media?parent=35244"}],"curies":[{"name":"wp","href":"https:\/\/api.w.org\/{rel}","templated":true}]}}