{"id":35367,"date":"2024-06-04T14:18:13","date_gmt":"2024-06-04T12:18:13","guid":{"rendered":"https:\/\/motorcycles-protect.com\/product\/aprilia-rsv4-2009-2012-film-de-protection-de-la-peinture\/"},"modified":"2024-07-03T10:38:08","modified_gmt":"2024-07-03T08:38:08","slug":"aprilia-rsv4-2009-2012-film-de-protection-de-la-peinture","status":"publish","type":"product","link":"https:\/\/motorcycles-protect.com\/fr\/product\/aprilia-rsv4-2009-2012-film-de-protection-de-la-peinture\/","title":{"rendered":"APRILIA RSV4 2009-2012 &#8211; Film de protection de la peinture"},"content":{"rendered":"","protected":false},"excerpt":{"rendered":"<p>Les kits sont disponibles sous forme de kits complets, de kits de r\u00e9servoirs et de pi\u00e8ces de d\u00e9tail.<\/p>\n<p>2 options de finition possibles :<\/p>\n<ul>\n<li>Mat et brillant<\/li>\n<li>Les parties du phare sont brillantes<\/li>\n<\/ul>\n","protected":false},"featured_media":35161,"template":"","meta":{"_acf_changed":false},"product_brand":[],"product_cat":[330],"product_tag":[],"class_list":{"0":"post-35367","1":"product","2":"type-product","3":"status-publish","4":"has-post-thumbnail","6":"product_cat-aprilia-fr","7":"description-off","9":"first","10":"instock","11":"shipping-taxable","12":"purchasable","13":"product-type-variable"},"acf":[],"yoast_head":"<!-- This site is optimized with the Yoast SEO plugin v25.3.1 - https:\/\/yoast.com\/wordpress\/plugins\/seo\/ -->\n<title>APRILIA RSV4 2009-2012 - Film de protection de la peinture | PPF Protection<\/title>\n<meta name=\"description\" content=\"Cover your APRILIA RSV4 2009-2012 - Film de protection de la peinture with the best PPF. Install your PPF Protection yourself, template ready for your motorcycle. Free Shipping\" \/>\n<meta name=\"robots\" content=\"index, follow, max-snippet:-1, max-image-preview:large, max-video-preview:-1\" \/>\n<link rel=\"canonical\" href=\"https:\/\/motorcycles-protect.com\/fr\/product\/aprilia-rsv4-2009-2012-film-de-protection-de-la-peinture\/\" \/>\n<meta property=\"og:locale\" content=\"fr_FR\" \/>\n<meta property=\"og:type\" content=\"article\" \/>\n<meta property=\"og:title\" content=\"APRILIA RSV4 2009-2012 - Film de protection de la peinture | PPF Protection\" \/>\n<meta property=\"og:description\" content=\"Cover your APRILIA RSV4 2009-2012 - Film de protection de la peinture with the best PPF. Install your PPF Protection yourself, template ready for your motorcycle. Free Shipping\" \/>\n<meta property=\"og:url\" content=\"https:\/\/motorcycles-protect.com\/fr\/product\/aprilia-rsv4-2009-2012-film-de-protection-de-la-peinture\/\" \/>\n<meta property=\"og:site_name\" content=\"Motorcycles Protect - Premium PPF Kits\" \/>\n<meta property=\"article:modified_time\" content=\"2024-07-03T08:38:08+00:00\" \/>\n<meta property=\"og:image\" content=\"https:\/\/motorcycles-protect.com\/wp-content\/uploads\/2024\/06\/aprilia-rsv4-2009-2012-ppf-ppfmoto.jpg\" \/>\n\t<meta property=\"og:image:width\" content=\"1200\" \/>\n\t<meta property=\"og:image:height\" content=\"1200\" \/>\n\t<meta property=\"og:image:type\" content=\"image\/jpeg\" \/>\n<meta name=\"twitter:card\" content=\"summary_large_image\" \/>\n<script type=\"application\/ld+json\" class=\"yoast-schema-graph\">{\"@context\":\"https:\/\/schema.org\",\"@graph\":[{\"@type\":\"WebPage\",\"@id\":\"https:\/\/motorcycles-protect.com\/fr\/product\/aprilia-rsv4-2009-2012-film-de-protection-de-la-peinture\/\",\"url\":\"https:\/\/motorcycles-protect.com\/fr\/product\/aprilia-rsv4-2009-2012-film-de-protection-de-la-peinture\/\",\"name\":\"APRILIA RSV4 2009-2012 - Film de protection de la peinture | PPF Protection\",\"isPartOf\":{\"@id\":\"https:\/\/motorcycles-protect.com\/fr\/#website\"},\"primaryImageOfPage\":{\"@id\":\"https:\/\/motorcycles-protect.com\/fr\/product\/aprilia-rsv4-2009-2012-film-de-protection-de-la-peinture\/#primaryimage\"},\"image\":{\"@id\":\"https:\/\/motorcycles-protect.com\/fr\/product\/aprilia-rsv4-2009-2012-film-de-protection-de-la-peinture\/#primaryimage\"},\"thumbnailUrl\":\"https:\/\/motorcycles-protect.com\/wp-content\/uploads\/2024\/06\/aprilia-rsv4-2009-2012-ppf-ppfmoto.jpg\",\"datePublished\":\"2024-06-04T12:18:13+00:00\",\"dateModified\":\"2024-07-03T08:38:08+00:00\",\"description\":\"Cover your APRILIA RSV4 2009-2012 - Film de protection de la peinture with the best PPF. Install your PPF Protection yourself, template ready for your motorcycle. Free Shipping\",\"breadcrumb\":{\"@id\":\"https:\/\/motorcycles-protect.com\/fr\/product\/aprilia-rsv4-2009-2012-film-de-protection-de-la-peinture\/#breadcrumb\"},\"inLanguage\":\"fr-FR\",\"potentialAction\":[{\"@type\":\"ReadAction\",\"target\":[\"https:\/\/motorcycles-protect.com\/fr\/product\/aprilia-rsv4-2009-2012-film-de-protection-de-la-peinture\/\"]}]},{\"@type\":\"ImageObject\",\"inLanguage\":\"fr-FR\",\"@id\":\"https:\/\/motorcycles-protect.com\/fr\/product\/aprilia-rsv4-2009-2012-film-de-protection-de-la-peinture\/#primaryimage\",\"url\":\"https:\/\/motorcycles-protect.com\/wp-content\/uploads\/2024\/06\/aprilia-rsv4-2009-2012-ppf-ppfmoto.jpg\",\"contentUrl\":\"https:\/\/motorcycles-protect.com\/wp-content\/uploads\/2024\/06\/aprilia-rsv4-2009-2012-ppf-ppfmoto.jpg\",\"width\":1200,\"height\":1200},{\"@type\":\"BreadcrumbList\",\"@id\":\"https:\/\/motorcycles-protect.com\/fr\/product\/aprilia-rsv4-2009-2012-film-de-protection-de-la-peinture\/#breadcrumb\",\"itemListElement\":[{\"@type\":\"ListItem\",\"position\":1,\"name\":\"Accueil\",\"item\":\"https:\/\/motorcycles-protect.com\/fr\/motorcycles-protect-premium-paint-protection-film-ppf\/\"},{\"@type\":\"ListItem\",\"position\":2,\"name\":\"Boutique\",\"item\":\"https:\/\/motorcycles-protect.com\/fr\/boutique\/\"},{\"@type\":\"ListItem\",\"position\":3,\"name\":\"APRILIA RSV4 2009-2012 &#8211; Film de protection de la peinture\"}]},{\"@type\":\"WebSite\",\"@id\":\"https:\/\/motorcycles-protect.com\/fr\/#website\",\"url\":\"https:\/\/motorcycles-protect.com\/fr\/\",\"name\":\"Motorcycles Protect - Premium PPF Kits\",\"description\":\"Your Motorcycle PPF protection\",\"publisher\":{\"@id\":\"https:\/\/motorcycles-protect.com\/fr\/#organization\"},\"potentialAction\":[{\"@type\":\"SearchAction\",\"target\":{\"@type\":\"EntryPoint\",\"urlTemplate\":\"https:\/\/motorcycles-protect.com\/fr\/?s={search_term_string}\"},\"query-input\":{\"@type\":\"PropertyValueSpecification\",\"valueRequired\":true,\"valueName\":\"search_term_string\"}}],\"inLanguage\":\"fr-FR\"},{\"@type\":\"Organization\",\"@id\":\"https:\/\/motorcycles-protect.com\/fr\/#organization\",\"name\":\"Motorcycles Protect - Premium PPF Kits\",\"url\":\"https:\/\/motorcycles-protect.com\/fr\/\",\"logo\":{\"@type\":\"ImageObject\",\"inLanguage\":\"fr-FR\",\"@id\":\"https:\/\/motorcycles-protect.com\/fr\/#\/schema\/logo\/image\/\",\"url\":\"https:\/\/motorcycles-protect.com\/wp-content\/uploads\/2022\/02\/Capture_Logo_Motorcycles_Protect-removebg-preview.png\",\"contentUrl\":\"https:\/\/motorcycles-protect.com\/wp-content\/uploads\/2022\/02\/Capture_Logo_Motorcycles_Protect-removebg-preview.png\",\"width\":467,\"height\":111,\"caption\":\"Motorcycles Protect - Premium PPF Kits\"},\"image\":{\"@id\":\"https:\/\/motorcycles-protect.com\/fr\/#\/schema\/logo\/image\/\"}}]}<\/script>\n<!-- \/ Yoast SEO plugin. -->","yoast_head_json":{"title":"APRILIA RSV4 2009-2012 - Film de protection de la peinture | PPF Protection","description":"Cover your APRILIA RSV4 2009-2012 - Film de protection de la peinture with the best PPF. Install your PPF Protection yourself, template ready for your motorcycle. Free Shipping","robots":{"index":"index","follow":"follow","max-snippet":"max-snippet:-1","max-image-preview":"max-image-preview:large","max-video-preview":"max-video-preview:-1"},"canonical":"https:\/\/motorcycles-protect.com\/fr\/product\/aprilia-rsv4-2009-2012-film-de-protection-de-la-peinture\/","og_locale":"fr_FR","og_type":"article","og_title":"APRILIA RSV4 2009-2012 - Film de protection de la peinture | PPF Protection","og_description":"Cover your APRILIA RSV4 2009-2012 - Film de protection de la peinture with the best PPF. Install your PPF Protection yourself, template ready for your motorcycle. Free Shipping","og_url":"https:\/\/motorcycles-protect.com\/fr\/product\/aprilia-rsv4-2009-2012-film-de-protection-de-la-peinture\/","og_site_name":"Motorcycles Protect - Premium PPF Kits","article_modified_time":"2024-07-03T08:38:08+00:00","og_image":[{"width":1200,"height":1200,"url":"https:\/\/motorcycles-protect.com\/wp-content\/uploads\/2024\/06\/aprilia-rsv4-2009-2012-ppf-ppfmoto.jpg","type":"image\/jpeg"}],"twitter_card":"summary_large_image","schema":{"@context":"https:\/\/schema.org","@graph":[{"@type":"WebPage","@id":"https:\/\/motorcycles-protect.com\/fr\/product\/aprilia-rsv4-2009-2012-film-de-protection-de-la-peinture\/","url":"https:\/\/motorcycles-protect.com\/fr\/product\/aprilia-rsv4-2009-2012-film-de-protection-de-la-peinture\/","name":"APRILIA RSV4 2009-2012 - Film de protection de la peinture | PPF Protection","isPartOf":{"@id":"https:\/\/motorcycles-protect.com\/fr\/#website"},"primaryImageOfPage":{"@id":"https:\/\/motorcycles-protect.com\/fr\/product\/aprilia-rsv4-2009-2012-film-de-protection-de-la-peinture\/#primaryimage"},"image":{"@id":"https:\/\/motorcycles-protect.com\/fr\/product\/aprilia-rsv4-2009-2012-film-de-protection-de-la-peinture\/#primaryimage"},"thumbnailUrl":"https:\/\/motorcycles-protect.com\/wp-content\/uploads\/2024\/06\/aprilia-rsv4-2009-2012-ppf-ppfmoto.jpg","datePublished":"2024-06-04T12:18:13+00:00","dateModified":"2024-07-03T08:38:08+00:00","description":"Cover your APRILIA RSV4 2009-2012 - Film de protection de la peinture with the best PPF. Install your PPF Protection yourself, template ready for your motorcycle. Free Shipping","breadcrumb":{"@id":"https:\/\/motorcycles-protect.com\/fr\/product\/aprilia-rsv4-2009-2012-film-de-protection-de-la-peinture\/#breadcrumb"},"inLanguage":"fr-FR","potentialAction":[{"@type":"ReadAction","target":["https:\/\/motorcycles-protect.com\/fr\/product\/aprilia-rsv4-2009-2012-film-de-protection-de-la-peinture\/"]}]},{"@type":"ImageObject","inLanguage":"fr-FR","@id":"https:\/\/motorcycles-protect.com\/fr\/product\/aprilia-rsv4-2009-2012-film-de-protection-de-la-peinture\/#primaryimage","url":"https:\/\/motorcycles-protect.com\/wp-content\/uploads\/2024\/06\/aprilia-rsv4-2009-2012-ppf-ppfmoto.jpg","contentUrl":"https:\/\/motorcycles-protect.com\/wp-content\/uploads\/2024\/06\/aprilia-rsv4-2009-2012-ppf-ppfmoto.jpg","width":1200,"height":1200},{"@type":"BreadcrumbList","@id":"https:\/\/motorcycles-protect.com\/fr\/product\/aprilia-rsv4-2009-2012-film-de-protection-de-la-peinture\/#breadcrumb","itemListElement":[{"@type":"ListItem","position":1,"name":"Accueil","item":"https:\/\/motorcycles-protect.com\/fr\/motorcycles-protect-premium-paint-protection-film-ppf\/"},{"@type":"ListItem","position":2,"name":"Boutique","item":"https:\/\/motorcycles-protect.com\/fr\/boutique\/"},{"@type":"ListItem","position":3,"name":"APRILIA RSV4 2009-2012 &#8211; Film de protection de la peinture"}]},{"@type":"WebSite","@id":"https:\/\/motorcycles-protect.com\/fr\/#website","url":"https:\/\/motorcycles-protect.com\/fr\/","name":"Motorcycles Protect - Premium PPF Kits","description":"Your Motorcycle PPF protection","publisher":{"@id":"https:\/\/motorcycles-protect.com\/fr\/#organization"},"potentialAction":[{"@type":"SearchAction","target":{"@type":"EntryPoint","urlTemplate":"https:\/\/motorcycles-protect.com\/fr\/?s={search_term_string}"},"query-input":{"@type":"PropertyValueSpecification","valueRequired":true,"valueName":"search_term_string"}}],"inLanguage":"fr-FR"},{"@type":"Organization","@id":"https:\/\/motorcycles-protect.com\/fr\/#organization","name":"Motorcycles Protect - Premium PPF Kits","url":"https:\/\/motorcycles-protect.com\/fr\/","logo":{"@type":"ImageObject","inLanguage":"fr-FR","@id":"https:\/\/motorcycles-protect.com\/fr\/#\/schema\/logo\/image\/","url":"https:\/\/motorcycles-protect.com\/wp-content\/uploads\/2022\/02\/Capture_Logo_Motorcycles_Protect-removebg-preview.png","contentUrl":"https:\/\/motorcycles-protect.com\/wp-content\/uploads\/2022\/02\/Capture_Logo_Motorcycles_Protect-removebg-preview.png","width":467,"height":111,"caption":"Motorcycles Protect - Premium PPF Kits"},"image":{"@id":"https:\/\/motorcycles-protect.com\/fr\/#\/schema\/logo\/image\/"}}]}},"_links":{"self":[{"href":"https:\/\/motorcycles-protect.com\/fr\/wp-json\/wp\/v2\/product\/35367","targetHints":{"allow":["GET"]}}],"collection":[{"href":"https:\/\/motorcycles-protect.com\/fr\/wp-json\/wp\/v2\/product"}],"about":[{"href":"https:\/\/motorcycles-protect.com\/fr\/wp-json\/wp\/v2\/types\/product"}],"wp:featuredmedia":[{"embeddable":true,"href":"https:\/\/motorcycles-protect.com\/fr\/wp-json\/wp\/v2\/media\/35161"}],"wp:attachment":[{"href":"https:\/\/motorcycles-protect.com\/fr\/wp-json\/wp\/v2\/media?parent=35367"}],"wp:term":[{"taxonomy":"product_brand","embeddable":true,"href":"https:\/\/motorcycles-protect.com\/fr\/wp-json\/wp\/v2\/product_brand?post=35367"},{"taxonomy":"product_cat","embeddable":true,"href":"https:\/\/motorcycles-protect.com\/fr\/wp-json\/wp\/v2\/product_cat?post=35367"},{"taxonomy":"product_tag","embeddable":true,"href":"https:\/\/motorcycles-protect.com\/fr\/wp-json\/wp\/v2\/product_tag?post=35367"}],"curies":[{"name":"wp","href":"https:\/\/api.w.org\/{rel}","templated":true}]}}